{"id":522,"date":"2013-08-12T10:41:48","date_gmt":"2013-08-12T08:41:48","guid":{"rendered":"http:\/\/www.mbc-neuhausen.de\/?page_id=522"},"modified":"2013-08-18T17:14:46","modified_gmt":"2013-08-18T15:14:46","slug":"lrp-s8-bxe","status":"publish","type":"page","link":"http:\/\/www.mbc-neuhausen.de\/?page_id=522","title":{"rendered":"LRP Buggy S8-BXe"},"content":{"rendered":"<p>Sommerzeit ist Buggy und Offroad Zeit! Da wird bei uns im Club nun auch mal richtig im Dreck gew\u00fchlt. Nach anf\u00e4nglichen Z\u00f6gern hat sich jetzt tats\u00e4chlich ein H\u00e4ufchen Leute im Club gefunden, die auch im Sommer auf R\/C fahren m\u00f6chten. Ich selbst fahre schon l\u00e4nger einen LRP X8-BX Verbrenner, der leider nicht auf unser Clubstrecke darf :(.<br \/>\nIm folgenden werde ich hier und da meine Erfahrungen mit diesem Modell schildern.<\/p>\n<p>Im Artikel &#8218;S8-Bxe\u00a0<a title=\"LRP S8-BXe \u201cFreude auf Raten\u201d\" href=\"http:\/\/www.mbc-neuhausen.de\/?p=454\">Freude auf Raten<\/a>&#8218; beschreibe ich meine ersten Eindr\u00fccke nach dem Auspacken und beschreibe erste &#8218;Optimierungen&#8216;.(08\/2013)<\/p>\n<p>&nbsp;<\/p>\n","protected":false},"excerpt":{"rendered":"<p>Sommerzeit ist Buggy und Offroad Zeit! Da wird bei uns im Club nun auch mal richtig im Dreck gew\u00fchlt. Nach anf\u00e4nglichen Z\u00f6gern hat sich jetzt tats\u00e4chlich ein H\u00e4ufchen Leute im Club gefunden, die auch im Sommer auf R\/C fahren m\u00f6chten. &hellip; <a href=\"http:\/\/www.mbc-neuhausen.de\/?page_id=522\">Weiterlesen <span class=\"meta-nav\">&rarr;<\/span><\/a><\/p>\n","protected":false},"author":2,"featured_media":0,"parent":519,"menu_order":0,"comment_status":"open","ping_status":"closed","template":"","meta":{"ngg_post_thumbnail":0},"_links":{"self":[{"href":"http:\/\/www.mbc-neuhausen.de\/index.php?rest_route=\/wp\/v2\/pages\/522"}],"collection":[{"href":"http:\/\/www.mbc-neuhausen.de\/index.php?rest_route=\/wp\/v2\/pages"}],"about":[{"href":"http:\/\/www.mbc-neuhausen.de\/index.php?rest_route=\/wp\/v2\/types\/page"}],"author":[{"embeddable":true,"href":"http:\/\/www.mbc-neuhausen.de\/index.php?rest_route=\/wp\/v2\/users\/2"}],"replies":[{"embeddable":true,"href":"http:\/\/www.mbc-neuhausen.de\/index.php?rest_route=%2Fwp%2Fv2%2Fcomments&post=522"}],"version-history":[{"count":9,"href":"http:\/\/www.mbc-neuhausen.de\/index.php?rest_route=\/wp\/v2\/pages\/522\/revisions"}],"predecessor-version":[{"id":530,"href":"http:\/\/www.mbc-neuhausen.de\/index.php?rest_route=\/wp\/v2\/pages\/522\/revisions\/530"}],"up":[{"embeddable":true,"href":"http:\/\/www.mbc-neuhausen.de\/index.php?rest_route=\/wp\/v2\/pages\/519"}],"wp:attachment":[{"href":"http:\/\/www.mbc-neuhausen.de\/index.php?rest_route=%2Fwp%2Fv2%2Fmedia&parent=522"}],"curies":[{"name":"wp","href":"https:\/\/api.w.org\/{rel}","templated":true}]}}